{"id":8137,"date":"2025-09-18T01:02:51","date_gmt":"2025-09-18T01:02:51","guid":{"rendered":"https:\/\/landscop.casethemes.net\/?page_id=8137"},"modified":"2026-04-23T21:21:14","modified_gmt":"2026-04-23T21:21:14","slug":"aydinlatma-metni","status":"publish","type":"page","link":"https:\/\/geopedi.co\/en\/aydinlatma-metni\/","title":{"rendered":"Ayd\u0131nlatma Metni"},"content":{"rendered":"<div data-elementor-type=\"wp-page\" data-elementor-id=\"8137\" class=\"elementor elementor-8137\">\n\t\t\t\t<div class=\"elementor-element elementor-element-4b60236b e-con-full e-flex pxl-row-scroll-none pxl-column-none pxl-full-content-with-space-none e-con e-parent\" data-id=\"4b60236b\" data-element_type=\"container\" data-e-type=\"container\" data-settings=\"{&quot;background_background&quot;:&quot;classic&quot;}\"><div class=\"elementor-element elementor-element-4926c24 pxl-pagetitle-overlay e-flex e-con-boxed pxl-row-scroll-none pxl-column-none pxl-full-content-with-space-none e-con e-child\" data-id=\"4926c24\" data-element_type=\"container\" data-e-type=\"container\" data-settings=\"{&quot;position&quot;:&quot;absolute&quot;}\">\t\t\t<div class=\"e-con-inner\">\r\n\t\t\t\t\t<\/div>\r\n\t\t\t\t<\/div>\r\n\t\t\t\t<div class=\"elementor-element elementor-element-513c3e43 elementor-widget elementor-widget-pxl_heading\" data-id=\"513c3e43\" data-element_type=\"widget\" data-e-type=\"widget\" data-widget_type=\"pxl_heading.default\">\n\t\t\t\t<div class=\"elementor-widget-container\">\n\t\t\t\t\t\r\n<div id=\"pxl-pxl_heading-513c3e43-5730\" class=\"pxl-heading pxl-sub-title-no-icon-style\">\r\n\t<div class=\"pxl-heading--inner\">\r\n\t\t\r\n\t\t<h3 class=\"pxl-item--title style-default highlight-default\" data-wow-delay=\"ms\">\r\n\t\t\t\t\tAyd\u0131nlatma Metni\t\r\n\t\t\t\r\n\t\t<\/h3>\r\n\r\n\t<\/div>\r\n<\/div>\r\n\t\t\t\t<\/div>\n\t\t\t\t<\/div>\n\t\t\t\t<\/div>\r\n\t\t<div class=\"elementor-element elementor-element-c248a49 e-flex e-con-boxed pxl-row-scroll-none pxl-column-none pxl-full-content-with-space-none e-con e-parent\" data-id=\"c248a49\" data-element_type=\"container\" data-e-type=\"container\">\t\t\t<div class=\"e-con-inner\">\r\n\t\t\t\t<div class=\"elementor-element elementor-element-0f82512 elementor-widget elementor-widget-pxl_heading\" data-id=\"0f82512\" data-element_type=\"widget\" data-e-type=\"widget\" data-widget_type=\"pxl_heading.default\">\n\t\t\t\t<div class=\"elementor-widget-container\">\n\t\t\t\t\t\r\n<div id=\"pxl-pxl_heading-0f82512-7764\" class=\"pxl-heading pxl-sub-title-no-icon-style\">\r\n\t<div class=\"pxl-heading--inner\">\r\n\t\t\r\n\t\t<h3 class=\"pxl-item--title style-default highlight-default pxl-split-text split-up\" data-wow-delay=\"100ms\">\r\n\t\t\t\t\tAyd\u0131nlatma Metni\t\r\n\t\t\t\r\n\t\t<\/h3>\r\n\r\n\t<\/div>\r\n<\/div>\r\n\t\t\t\t<\/div>\n\t\t\t\t<\/div>\n\t\t\t\t<div class=\"elementor-element elementor-element-aff51d8 elementor-widget__width-inherit elementor-widget elementor-widget-pxl_text_editor\" data-id=\"aff51d8\" data-element_type=\"widget\" data-e-type=\"widget\" data-widget_type=\"pxl_text_editor.default\">\n\t\t\t\t<div class=\"elementor-widget-container\">\n\t\t\t\t\t<div class=\"pxl-text-editor default\">\r\n\t<div class=\"pxl-item--inner wow fadeInUp\" data-wow-delay=\"250ms\">\r\n\t\t<p><strong>HEL\u0130ODOR TECH<\/strong> olarak ki\u015fisel verilerin gizlili\u011fine ve g\u00fcvenli\u011fine \u00f6nem veriyoruz. Bu ama\u00e7la 6698 say\u0131l\u0131 Ki\u015fisel Verilerin Korunmas\u0131 Kanunu (\u201cKVKK\u201d) ve ilgili yasal d\u00fczenlemeler \u00e7er\u00e7evesinde ki\u015fisel verilerin i\u015flenmesi, saklanmas\u0131 ve aktar\u0131lmas\u0131 ile ilgili veri sahiplerini ayd\u0131nlatmak amac\u0131yla i\u015fbu Ayd\u0131nlatma Metni\u2019ni haz\u0131rlad\u0131k.<br \/>Geopedi, Co\u011frafi i\u015faretlerin \u00fcretim, da\u011f\u0131t\u0131m ve t\u00fcketim s\u00fcre\u00e7lerinde izlenebilirli\u011fi sa\u011flamak amac\u0131yla blok zincir teknolojisini kullanarak bir dijital takip ve denetim sistemi dir. Ger\u00e7ekle\u015ftirilen denetim s\u00fcre\u00e7lerinin ak\u0131ll\u0131 s\u00f6zle\u015fmeler ile entegrasyonunu sa\u011flamaktay\u0131z. Block zincir ve ak\u0131ll\u0131 s\u00f6zle\u015fmelerin kendine \u00f6zg\u00fc yap\u0131s\u0131 verilerin saklanmas\u0131, payla\u015f\u0131lmas\u0131, i\u015flenmesi ve silinmesi gibi s\u00fcre\u00e7leri farkl\u0131la\u015ft\u0131rmaktad\u0131r. Bu nedenle sizleri do\u011fru bilgilendirmek ad\u0131na \u00f6ncelikle blok zincirin teknik yap\u0131s\u0131na dair bilgiler verilecek daha sonras\u0131nda bu teknik yap\u0131yla uyumlu olarak veri kullan\u0131m\u0131n nas\u0131l oldu\u011fu a\u00e7\u0131klanacakt\u0131r.<br \/>Blok zincir, farkl\u0131 cihazlardan olu\u015fan bir a\u011fdaki i\u015flemleri kaydeden, verilerin g\u00fcvenli\u011fini, \u015feffafl\u0131\u011f\u0131n\u0131 ve de\u011fi\u015fmezli\u011fini sa\u011flayan merkezi olmayan, da\u011f\u0131t\u0131lm\u0131\u015f bir defter teknolojisidir. Blok zinciri, verilerin bloklar halinde kaydedildi\u011fi ve bu bloklar\u0131n birbirine zincir \u015feklinde ba\u011fland\u0131\u011f\u0131 bir yap\u0131d\u0131r. Her blok, belirli bir bilgi veya veri i\u00e7eren bir kay\u0131t defteri gibi i\u015flev g\u00f6r\u00fcr ve kendisinden \u00f6nce gelen blok ile \u015fifreleme y\u00f6ntemi ile ba\u011flant\u0131l\u0131d\u0131r. Bu zincirleme yap\u0131, verilerin de\u011fi\u015ftirilmesini neredeyse imkans\u0131z hale getirir ve g\u00fcvenli bir kay\u0131t ortam\u0131 sunar.<br \/>Veri sorumlusu : <strong>HEL\u0130ODOR TECH YAZILIM A\u015e <\/strong>Hangi ki\u015fisel veriler toplan\u0131yor?<br \/><em><strong>\u00dcyeler<\/strong><\/em><br \/><strong>Kimlik<\/strong> (ad, soyad, do\u011fum tarihi, T.C. kimlik numaras\u0131),<br \/><strong>\u0130leti\u015fim<\/strong> (cep telefonu numaras\u0131, fatura ve teslimat adresi, e-posta adresi),<br \/><strong>Finans<\/strong> (\u015fifrelenmi\u015f kredi kart\u0131 bilgileri, banka hesap \/ IBAN numaras\u0131 bilgisi),<br \/><strong>M\u00fc\u015fteri i\u015flem<\/strong> (\u00fcyelik tarihi, barkoda ili\u015fkin bilgiler, \u00fcyelik stat\u00fcs\u00fcne ili\u015fkin bilgiler(tacir, denet\u00e7i vs.)),<br \/><strong>i\u015flem g\u00fcvenli\u011fi<\/strong> (IP adresi bilgileri, internet sitesi giri\u015f \u00e7\u0131k\u0131\u015f bilgileri, kullan\u0131c\u0131 ad\u0131 bilgileri, \u015fifre bilgileri, trafik verileri (ba\u011flant\u0131 zaman\u0131 \/ s\u00fcresi vb.)),<\/p><p><strong><em>\u00dcretici<\/em><\/strong><br \/><strong><em>Tacir<\/em><\/strong><br \/><strong><em>Tescil ettiren<\/em><\/strong><br \/><strong><em>Denet\u00e7i<\/em><\/strong>1.<\/p><p><strong>1. Ki\u015fisel veriler hangi ama\u00e7larla i\u015fleniyor?<\/strong><br \/>\u2022 S\u00f6zle\u015fmenin ifas\u0131<br \/>\u2022 M\u00fc\u015fteri ya da kullan\u0131c\u0131 deneyimin iyile\u015ftirilmesi<br \/>\u2022 Bilgi g\u00fcvenli\u011fi, risk denetim ve kontrol s\u00fcre\u00e7leri<br \/>\u2022 Hukuki i\u015flemlerin y\u00fcr\u00fct\u00fclmesi<br \/>\u2022 KVKK\u2019n\u0131n 5. ve 6. maddelerinde belirtilen ki\u015fisel verilerin i\u015flenmesi \u015fartlar\u0131na uygun olarak ki\u015fisel verileriniz i\u015flenmektedir.<\/p><p><strong>2. Ki\u015fisel veriler kimlere aktar\u0131l\u0131yor?<\/strong><br \/>\u2022 Co\u011frafi i\u015faretli \u00fcr\u00fcnlerin takibini yapan t\u00fcketiciler ile<br \/>\u2022 \u0130\u015f birli\u011fi bulunan kurumlar olarak TOBB, T\u00dcRKPATENT, TC TARIM VE ORMAN BAKANLI\u011eI ile payla\u015f\u0131m sa\u011flan\u0131labilir.<br \/>\u2022 Denet\u00e7iler ile yasal y\u00fck\u00fcml\u00fcl\u00fc\u011f\u00fcn yerine gelmesi i\u00e7in payla\u015f\u0131lan bilgiler<br \/>\u2022 Co\u011frafi i\u015faretlere ili\u015fkin payla\u015f\u0131lmas\u0131 gereken yasal y\u00fck\u00fcml\u00fcl\u00fcklerden kaynaklanan payla\u015f\u0131mlar<br \/>\u2022 Sistemin i\u015fler olabilmesi i\u00e7in \u00fcr\u00fcn denetim s\u00fcrecindeki \u00fcr\u00fcn\u00fcn tescil belgesinde yer alan ve g\u00f6revlendirilen ilgili ki\u015filerle bilgi payla\u015f\u0131m<\/p><p><strong>3. Ki\u015fisel veriler nas\u0131l korunuyor?<\/strong><\/p><p>Ki\u015fisel veriler T\u00fcrkiye\u2019de bulunan server sistemi i\u00e7erisinde saklanmaktad\u0131r.<\/p><p><strong>4. Ki\u015fisel veriler ne kadar s\u00fcre saklan\u0131yor?<\/strong><\/p><p>Ki\u015fisel verilerinizi hizmet verildi\u011fi m\u00fcddet\u00e7e saklamaktay\u0131z.<\/p><p><strong>5. Ki\u015fisel verilerin korunmas\u0131na y\u00f6nelik veri sahiplerinin haklar\u0131 nelerdir?<\/strong><\/p><p>KVKK kapsam\u0131ndaki haklar;<br \/>\u2022 Ki\u015fisel verilerinizin i\u015flenip i\u015flenmedi\u011fini \u00f6\u011frenme,<br \/>\u2022 Ki\u015fisel verileriniz i\u015flenmi\u015fse buna ili\u015fkin bilgi talep etme,<br \/>\u2022 Ki\u015fisel verilerin i\u015flenme amac\u0131n\u0131 ve bunlar\u0131n amac\u0131na uygun kullan\u0131l\u0131p kullan\u0131lmad\u0131\u011f\u0131n\u0131 \u00f6\u011frenme,<br \/>\u2022 Yurt i\u00e7inde veya yurt d\u0131\u015f\u0131nda ki\u015fisel verilerinizin aktar\u0131ld\u0131\u011f\u0131 \u00fc\u00e7\u00fcnc\u00fc ki\u015fileri bilme,<br \/>\u2022 Ki\u015fisel verilerinizin eksik veya yanl\u0131\u015f i\u015flenmi\u015f olmas\u0131 halinde bunlar\u0131n d\u00fczeltilmesini isteme,<br \/>\u2022 KVKK mevzuat\u0131nda \u00f6ng\u00f6r\u00fclen \u015fartlar \u00e7er\u00e7evesinde ki\u015fisel verilerinizin silinmesini<br \/>veya yok edilmesini isteme,<br \/>\u2022 Eksik veya yanl\u0131\u015f verilerin d\u00fczeltilmesi ile ki\u015fisel verilerinizin silinmesi veya yok edilmesini talep etti\u011finizde, bu durumun ki\u015fisel verilerinizi aktard\u0131\u011f\u0131m\u0131z \u00fc\u00e7\u00fcnc\u00fc ki\u015filere bildirilmesini isteme<br \/>\u2022 \u0130\u015flenen verilerin m\u00fcnhas\u0131ran otomatik sistemler vas\u0131tas\u0131yla analiz edilmesi suretiyle ki\u015finin kendisi aleyhine bir sonucun ortaya \u00e7\u0131kmas\u0131na itiraz etme, ve<br \/>\u2022 Ki\u015fisel verilerin kanuna ayk\u0131r\u0131 olarak i\u015flenmesi sebebiyle zarara u\u011framan\u0131z halinde bu zarar\u0131n giderilmesini talep etme,<\/p><p><strong>6. Hak ve talepleriniz i\u00e7in bizimle nas\u0131l ileti\u015fim kurabilirsiniz?<\/strong><\/p><p><strong>Posta Adresi:<\/strong><br \/>Ankara Teknoloji K\u00f6pr\u00fcs\u00fc Kulu\u00e7ka Merkezi,<br \/>\u0130lkad\u0131m Mahallesi, Ye\u015fil Vadi Caddesi No: 41, Ofis No: 36, 06450 \u00c7ankaya\/Ankara KEP adresi: heliodor@hs01.kep.tr<br \/>E-mail adresi: info@heliodor.com.tr HEL\u0130ODOR TECH, i\u015fbu Ki\u015fisel Verilerin Korunmas\u0131na \u0130li\u015fkin Ayd\u0131nlatma Metni\u2019ni y\u00fcr\u00fcrl\u00fckteki mevzuatta yap\u0131labilecek de\u011fi\u015fiklikler \u00e7er\u00e7evesinde her zaman g\u00fcncelleme hakk\u0131n\u0131 sakl\u0131 tutar.<\/p><p><strong>G\u00fcncellenme Tarihi:23.03.2026<\/strong><\/p>\t\t\r\n\t<\/div>\r\n<\/div>\t\t\t\t<\/div>\n\t\t\t\t<\/div>\n\t\t\t\t\t<\/div>\r\n\t\t\t\t<\/div>\r\n\t\t\t\t<\/div>","protected":false},"excerpt":{"rendered":"<p>Ayd\u0131nlatma Metni Ayd\u0131nlatma Metni HEL\u0130ODOR TECH olarak ki\u015fisel verilerin gizlili\u011fine ve g\u00fcvenli\u011fine \u00f6nem veriyoruz. Bu ama\u00e7la 6698 say\u0131l\u0131 Ki\u015fisel Verilerin Korunmas\u0131 Kanunu (\u201cKVKK\u201d) ve ilgili yasal d\u00fczenlemeler \u00e7er\u00e7evesinde ki\u015fisel verilerin i\u015flenmesi, saklanmas\u0131 ve aktar\u0131lmas\u0131 ile ilgili veri sahiplerini ayd\u0131nlatmak amac\u0131yla i\u015fbu Ayd\u0131nlatma Metni\u2019ni haz\u0131rlad\u0131k.Geopedi, Co\u011frafi i\u015faretlerin \u00fcretim, da\u011f\u0131t\u0131m ve t\u00fcketim s\u00fcre\u00e7lerinde izlenebilirli\u011fi sa\u011flamak amac\u0131yla blok [&hellip;]<\/p>\n","protected":false},"author":1,"featured_media":0,"parent":0,"menu_order":0,"comment_status":"closed","ping_status":"closed","template":"","meta":{"footnotes":""},"class_list":["post-8137","page","type-page","status-publish","hentry"],"_links":{"self":[{"href":"https:\/\/geopedi.co\/en\/wp-json\/wp\/v2\/pages\/8137","targetHints":{"allow":["GET"]}}],"collection":[{"href":"https:\/\/geopedi.co\/en\/wp-json\/wp\/v2\/pages"}],"about":[{"href":"https:\/\/geopedi.co\/en\/wp-json\/wp\/v2\/types\/page"}],"author":[{"embeddable":true,"href":"https:\/\/geopedi.co\/en\/wp-json\/wp\/v2\/users\/1"}],"replies":[{"embeddable":true,"href":"https:\/\/geopedi.co\/en\/wp-json\/wp\/v2\/comments?post=8137"}],"version-history":[{"count":11,"href":"https:\/\/geopedi.co\/en\/wp-json\/wp\/v2\/pages\/8137\/revisions"}],"predecessor-version":[{"id":13789,"href":"https:\/\/geopedi.co\/en\/wp-json\/wp\/v2\/pages\/8137\/revisions\/13789"}],"wp:attachment":[{"href":"https:\/\/geopedi.co\/en\/wp-json\/wp\/v2\/media?parent=8137"}],"curies":[{"name":"wp","href":"https:\/\/api.w.org\/{rel}","templated":true}]}}