{"id":5102,"date":"2025-09-06T03:19:53","date_gmt":"2025-09-06T03:19:53","guid":{"rendered":"https:\/\/landscop.casethemes.net\/?page_id=5102"},"modified":"2026-04-14T19:49:04","modified_gmt":"2026-04-14T19:49:04","slug":"uyelikler","status":"publish","type":"page","link":"https:\/\/geopedi.co\/en\/uyelikler\/","title":{"rendered":"\u00dcyelikler"},"content":{"rendered":"<div data-elementor-type=\"wp-page\" data-elementor-id=\"5102\" class=\"elementor elementor-5102\">\n\t\t\t\t<div class=\"elementor-element elementor-element-271a7b0 e-flex e-con-boxed pxl-row-scroll-none pxl-column-none pxl-full-content-with-space-none e-con e-parent\" data-id=\"271a7b0\" data-element_type=\"container\" data-e-type=\"container\">\t\t\t<div class=\"e-con-inner\">\r\n\t\t\t\t<div class=\"elementor-element elementor-element-741de0c elementor-widget elementor-widget-pxl_icon\" data-id=\"741de0c\" data-element_type=\"widget\" data-e-type=\"widget\" data-widget_type=\"pxl_icon.default\">\n\t\t\t\t<div class=\"elementor-widget-container\">\n\t\t\t\t\t    <div class=\"pxl-icon-list pxl-icon1  style-1  wow PXLZoom\" data-wow-delay=\"ms\">\r\n                                    <a class=\"elementor-repeater-item-3c8c96f\" >\r\n                                            <span class=\"icon-box\">\r\n                                                <i aria-hidden=\"true\" class=\"bootstrap-icons bi-geo-alt-fill\"><\/i>                                                <\/span>\r\n                                                        <\/a>\r\n                        <\/div>\r\n\t\t\t\t<\/div>\n\t\t\t\t<\/div>\n\t\t\t\t<div class=\"elementor-element elementor-element-6a647b2 elementor-widget elementor-widget-pxl_text_editor\" data-id=\"6a647b2\" data-element_type=\"widget\" data-e-type=\"widget\" data-widget_type=\"pxl_text_editor.default\">\n\t\t\t\t<div class=\"elementor-widget-container\">\n\t\t\t\t\t<div class=\"pxl-text-editor default\">\r\n\t<div class=\"pxl-item--inner wow fadeInUp\" data-wow-delay=\"200ms\">\r\n\t\t<p>Markan\u0131z\u0131 do\u011frulanabilir bir gelece\u011fe ta\u015f\u0131y\u0131n.<br data-start=\"540\" data-end=\"543\" \/>Geopedi ile g\u00fcveni veriye d\u00f6n\u00fc\u015ft\u00fcr\u00fcn, rekabette \u00f6ne ge\u00e7in.<\/p>\t\t\r\n\t<\/div>\r\n<\/div>\t\t\t\t<\/div>\n\t\t\t\t<\/div>\n\t\t\t\t\t<\/div>\r\n\t\t\t\t<\/div>\r\n\t\t<div class=\"elementor-element elementor-element-93f90b4 e-flex e-con-boxed pxl-row-scroll-none pxl-column-none pxl-full-content-with-space-none e-con e-parent\" data-id=\"93f90b4\" data-element_type=\"container\" data-e-type=\"container\">\t\t\t<div class=\"e-con-inner\">\r\n\t\t\t\t<div class=\"elementor-element elementor-element-6b843fb elementor-widget elementor-widget-pxl_icon_box\" data-id=\"6b843fb\" data-element_type=\"widget\" data-e-type=\"widget\" data-widget_type=\"pxl_icon_box.default\">\n\t\t\t\t<div class=\"elementor-widget-container\">\n\t\t\t\t\t<div class=\"pxl-icon-box pxl-icon-box9 style-1  wow fadeInUp\" data-wow-delay=\"ms\">\r\n    <div class=\"pxl-item--inner\">\r\n        <div class=\"pxl-item--left\">\r\n                            <img fetchpriority=\"high\" decoding=\"async\" width=\"1024\" height=\"1024\" src=\"https:\/\/geopedi.co\/wp-content\/uploads\/2026\/04\/guvenilirlik-1024x1024-1.webp\" class=\"attachment-full\" alt=\"\" srcset=\"https:\/\/geopedi.co\/wp-content\/uploads\/2026\/04\/guvenilirlik-1024x1024-1.webp 1024w, https:\/\/geopedi.co\/wp-content\/uploads\/2026\/04\/guvenilirlik-1024x1024-1-600x600.webp 600w, https:\/\/geopedi.co\/wp-content\/uploads\/2026\/04\/guvenilirlik-1024x1024-1-300x300.webp 300w, https:\/\/geopedi.co\/wp-content\/uploads\/2026\/04\/guvenilirlik-1024x1024-1-150x150.webp 150w, https:\/\/geopedi.co\/wp-content\/uploads\/2026\/04\/guvenilirlik-1024x1024-1-768x768.webp 768w, https:\/\/geopedi.co\/wp-content\/uploads\/2026\/04\/guvenilirlik-1024x1024-1-710x710.webp 710w\" sizes=\"(max-width: 1024px) 100vw, 1024px\" \/>                    <\/div>\r\n        <div class=\"pxl-item--right\">\r\n            <div class=\"pxl-item--header\">\r\n                <div class=\"pxl-item--step\">01.<\/div>\r\n                                            <\/div>\r\n            <div class=\"pxl-item--title el-empty\">Her Rol \u0130\u00e7in Benzersiz Dijital Kimlik<\/div>\r\n            <div class=\"pxl-item--description el-empty\">\u00dcr\u00fcn, \u00fcretici, \u00e7ift\u00e7i, tacir ve tescil ettiren i\u00e7in \u00f6zel ve benzersiz blok zincir \u00fczerinde rol tabanl\u0131 dijital kimlik tan\u0131mlan\u0131r.<\/div>\r\n        <\/div>\r\n    <\/div>\r\n<\/div>\r\n\t\t\t\t<\/div>\n\t\t\t\t<\/div>\n\t\t\t\t<div class=\"elementor-element elementor-element-4314f5c elementor-widget elementor-widget-pxl_icon_box\" data-id=\"4314f5c\" data-element_type=\"widget\" data-e-type=\"widget\" data-widget_type=\"pxl_icon_box.default\">\n\t\t\t\t<div class=\"elementor-widget-container\">\n\t\t\t\t\t<div class=\"pxl-icon-box pxl-icon-box9 style-2  wow fadeInUp\" data-wow-delay=\"ms\">\r\n    <div class=\"pxl-item--inner\">\r\n        <div class=\"pxl-item--left\">\r\n                            <img decoding=\"async\" width=\"1024\" height=\"1024\" src=\"https:\/\/geopedi.co\/wp-content\/uploads\/2026\/04\/izlenilebilirlik-1024x1024-1.webp\" class=\"attachment-full\" alt=\"\" srcset=\"https:\/\/geopedi.co\/wp-content\/uploads\/2026\/04\/izlenilebilirlik-1024x1024-1.webp 1024w, https:\/\/geopedi.co\/wp-content\/uploads\/2026\/04\/izlenilebilirlik-1024x1024-1-600x600.webp 600w, https:\/\/geopedi.co\/wp-content\/uploads\/2026\/04\/izlenilebilirlik-1024x1024-1-300x300.webp 300w, https:\/\/geopedi.co\/wp-content\/uploads\/2026\/04\/izlenilebilirlik-1024x1024-1-150x150.webp 150w, https:\/\/geopedi.co\/wp-content\/uploads\/2026\/04\/izlenilebilirlik-1024x1024-1-768x768.webp 768w, https:\/\/geopedi.co\/wp-content\/uploads\/2026\/04\/izlenilebilirlik-1024x1024-1-710x710.webp 710w\" sizes=\"(max-width: 1024px) 100vw, 1024px\" \/>                    <\/div>\r\n        <div class=\"pxl-item--right\">\r\n            <div class=\"pxl-item--header\">\r\n                <div class=\"pxl-item--step\">02.<\/div>\r\n                                            <\/div>\r\n            <div class=\"pxl-item--title el-empty\">QR ile An\u0131nda Do\u011frulama<\/div>\r\n            <div class=\"pxl-item--description el-empty\">Her bir paket i\u00e7in \u00fcretilen benzersiz Geopedi QR \u00a0ile denetim ge\u00e7mi\u015finin t\u00fcketici taraf\u0131ndan zaman damgal\u0131 olarak do\u011frulan\u0131r.<\/div>\r\n        <\/div>\r\n    <\/div>\r\n<\/div>\r\n\t\t\t\t<\/div>\n\t\t\t\t<\/div>\n\t\t\t\t<div class=\"elementor-element elementor-element-fdfc5ab elementor-widget elementor-widget-pxl_icon_box\" data-id=\"fdfc5ab\" data-element_type=\"widget\" data-e-type=\"widget\" data-widget_type=\"pxl_icon_box.default\">\n\t\t\t\t<div class=\"elementor-widget-container\">\n\t\t\t\t\t<div class=\"pxl-icon-box pxl-icon-box9 style-1  wow fadeInUp\" data-wow-delay=\"ms\">\r\n    <div class=\"pxl-item--inner\">\r\n        <div class=\"pxl-item--left\">\r\n                            <img decoding=\"async\" width=\"1000\" height=\"1000\" src=\"https:\/\/geopedi.co\/wp-content\/uploads\/2026\/04\/scene1.webp\" class=\"attachment-full\" alt=\"\" srcset=\"https:\/\/geopedi.co\/wp-content\/uploads\/2026\/04\/scene1.webp 1000w, https:\/\/geopedi.co\/wp-content\/uploads\/2026\/04\/scene1-600x600.webp 600w, https:\/\/geopedi.co\/wp-content\/uploads\/2026\/04\/scene1-300x300.webp 300w, https:\/\/geopedi.co\/wp-content\/uploads\/2026\/04\/scene1-150x150.webp 150w, https:\/\/geopedi.co\/wp-content\/uploads\/2026\/04\/scene1-768x768.webp 768w, https:\/\/geopedi.co\/wp-content\/uploads\/2026\/04\/scene1-710x710.webp 710w\" sizes=\"(max-width: 1000px) 100vw, 1000px\" \/>                    <\/div>\r\n        <div class=\"pxl-item--right\">\r\n            <div class=\"pxl-item--header\">\r\n                <div class=\"pxl-item--step\">03.<\/div>\r\n                                            <\/div>\r\n            <div class=\"pxl-item--title el-empty\">Her Rolde \u015eeffafl\u0131k<\/div>\r\n            <div class=\"pxl-item--description el-empty\">Tedarik zinciri boyunca rol tabanl\u0131 (\u00f6r. \u00fcretici\u2013i\u015fleyici\u2013paketleyici\u2013da\u011f\u0131t\u0131c\u0131) \u015feffafl\u0131k sa\u011flan\u0131r.<\/div>\r\n        <\/div>\r\n    <\/div>\r\n<\/div>\r\n\t\t\t\t<\/div>\n\t\t\t\t<\/div>\n\t\t\t\t<div class=\"elementor-element elementor-element-2ae6b1d elementor-widget elementor-widget-pxl_icon_box\" data-id=\"2ae6b1d\" data-element_type=\"widget\" data-e-type=\"widget\" data-widget_type=\"pxl_icon_box.default\">\n\t\t\t\t<div class=\"elementor-widget-container\">\n\t\t\t\t\t<div class=\"pxl-icon-box pxl-icon-box9 style-2  wow fadeInUp\" data-wow-delay=\"ms\">\r\n    <div class=\"pxl-item--inner\">\r\n        <div class=\"pxl-item--left\">\r\n                            <img loading=\"lazy\" decoding=\"async\" width=\"1024\" height=\"1024\" src=\"https:\/\/geopedi.co\/wp-content\/uploads\/2026\/04\/seffaflik-1024x1024-1.webp\" class=\"attachment-full\" alt=\"\" srcset=\"https:\/\/geopedi.co\/wp-content\/uploads\/2026\/04\/seffaflik-1024x1024-1.webp 1024w, https:\/\/geopedi.co\/wp-content\/uploads\/2026\/04\/seffaflik-1024x1024-1-600x600.webp 600w, https:\/\/geopedi.co\/wp-content\/uploads\/2026\/04\/seffaflik-1024x1024-1-300x300.webp 300w, https:\/\/geopedi.co\/wp-content\/uploads\/2026\/04\/seffaflik-1024x1024-1-150x150.webp 150w, https:\/\/geopedi.co\/wp-content\/uploads\/2026\/04\/seffaflik-1024x1024-1-768x768.webp 768w, https:\/\/geopedi.co\/wp-content\/uploads\/2026\/04\/seffaflik-1024x1024-1-710x710.webp 710w\" sizes=\"(max-width: 1024px) 100vw, 1024px\" \/>                    <\/div>\r\n        <div class=\"pxl-item--right\">\r\n            <div class=\"pxl-item--header\">\r\n                <div class=\"pxl-item--step\">04.<\/div>\r\n                                            <\/div>\r\n            <div class=\"pxl-item--title el-empty\">QR Verisi, Ger\u00e7ek \u0130\u00e7g\u00f6r\u00fc<\/div>\r\n            <div class=\"pxl-item--description el-empty\">QR okutulma verilerinin istatistikleri ve \u00fcr\u00fcne ili\u015fkin t\u00fcketici geri bildirimleri raporlan\u0131r.<\/div>\r\n        <\/div>\r\n    <\/div>\r\n<\/div>\r\n\t\t\t\t<\/div>\n\t\t\t\t<\/div>\n\t\t\t\t\t<\/div>\r\n\t\t\t\t<\/div>\r\n\t\t\t\t<\/div>","protected":false},"excerpt":{"rendered":"<p>Markan\u0131z\u0131 do\u011frulanabilir bir gelece\u011fe ta\u015f\u0131y\u0131n.Geopedi ile g\u00fcveni veriye d\u00f6n\u00fc\u015ft\u00fcr\u00fcn, rekabette \u00f6ne ge\u00e7in. 01. Her Rol \u0130\u00e7in Benzersiz Dijital Kimlik \u00dcr\u00fcn, \u00fcretici, \u00e7ift\u00e7i, tacir ve tescil ettiren i\u00e7in \u00f6zel ve benzersiz blok zincir \u00fczerinde rol tabanl\u0131 dijital kimlik tan\u0131mlan\u0131r. 02. QR ile An\u0131nda Do\u011frulama Her bir paket i\u00e7in \u00fcretilen benzersiz Geopedi QR \u00a0ile denetim ge\u00e7mi\u015finin t\u00fcketici [&hellip;]<\/p>\n","protected":false},"author":1,"featured_media":0,"parent":0,"menu_order":0,"comment_status":"closed","ping_status":"closed","template":"","meta":{"footnotes":""},"class_list":["post-5102","page","type-page","status-publish","hentry"],"_links":{"self":[{"href":"https:\/\/geopedi.co\/en\/wp-json\/wp\/v2\/pages\/5102","targetHints":{"allow":["GET"]}}],"collection":[{"href":"https:\/\/geopedi.co\/en\/wp-json\/wp\/v2\/pages"}],"about":[{"href":"https:\/\/geopedi.co\/en\/wp-json\/wp\/v2\/types\/page"}],"author":[{"embeddable":true,"href":"https:\/\/geopedi.co\/en\/wp-json\/wp\/v2\/users\/1"}],"replies":[{"embeddable":true,"href":"https:\/\/geopedi.co\/en\/wp-json\/wp\/v2\/comments?post=5102"}],"version-history":[{"count":13,"href":"https:\/\/geopedi.co\/en\/wp-json\/wp\/v2\/pages\/5102\/revisions"}],"predecessor-version":[{"id":13489,"href":"https:\/\/geopedi.co\/en\/wp-json\/wp\/v2\/pages\/5102\/revisions\/13489"}],"wp:attachment":[{"href":"https:\/\/geopedi.co\/en\/wp-json\/wp\/v2\/media?parent=5102"}],"curies":[{"name":"wp","href":"https:\/\/api.w.org\/{rel}","templated":true}]}}