{"id":4371,"date":"2025-08-28T14:58:18","date_gmt":"2025-08-28T14:58:18","guid":{"rendered":"https:\/\/landscop.casethemes.net\/?page_id=4371"},"modified":"2026-04-15T13:44:42","modified_gmt":"2026-04-15T13:44:42","slug":"sss","status":"publish","type":"page","link":"https:\/\/geopedi.co\/en\/sss\/","title":{"rendered":"SSS"},"content":{"rendered":"<div data-elementor-type=\"wp-page\" data-elementor-id=\"4371\" class=\"elementor elementor-4371\">\n\t\t\t\t<div class=\"elementor-element elementor-element-2b5c828 pxl-row-scroll-fixed pxl-container-gradient-faq e-flex e-con-boxed pxl-column-none pxl-full-content-with-space-none e-con e-parent\" data-id=\"2b5c828\" data-element_type=\"container\" data-e-type=\"container\">\t\t\t<div class=\"e-con-inner\">\r\n\t\t<div class=\"elementor-element elementor-element-a545f7f e-con-full e-flex pxl-row-scroll-none pxl-column-none pxl-full-content-with-space-none e-con e-child\" data-id=\"a545f7f\" data-element_type=\"container\" data-e-type=\"container\">\t\t<div class=\"elementor-element elementor-element-68ac654 elementor-widget elementor-widget-pxl_heading\" data-id=\"68ac654\" data-element_type=\"widget\" data-e-type=\"widget\" data-widget_type=\"pxl_heading.default\">\n\t\t\t\t<div class=\"elementor-widget-container\">\n\t\t\t\t\t\r\n<div id=\"pxl-pxl_heading-68ac654-2580\" class=\"pxl-heading pxl-sub-title-style-4-style\">\r\n\t<div class=\"pxl-heading--inner\">\r\n\t\t\t\t\t<div class=\"pxl-item--subtitle  pxl-sub-title-style-4\" data-wow-delay=\"ms\">\r\n\t\t\t\t\t\t\t\t\t\t\t\t\t\t\t\t\t\t\t\t\t<div class=\"pxl-item--subtitle-icon wow zoomIn\">\r\n\t\t\t\t\t\t<svg xmlns=\"http:\/\/www.w3.org\/2000\/svg\" width=\"26\" height=\"30\" viewbox=\"0 0 26 30\" fill=\"none\">\r\n\t\t\t\t\t\t<path d=\"M7.03768 15.6665C7.28112 15.5296 7.58419 15.6296 7.70839 15.8824C9.61123 19.7053 12.6021 23.6705 14.7087 26.2455C20.134 7.27277 5.03547 5.55085 1.74152 5.39814C1.37884 5.37708 1.0559 5.6351 0.966471 6.00898C-3.8428 26.0033 10.6943 26.9142 13.9137 26.8774C11.7724 24.255 8.76166 20.253 6.82901 16.3774C6.7048 16.1193 6.79423 15.7981 7.03768 15.6665Z\" fill=\"currentColor\"\/>\r\n\t\t\t\t\t\t<path d=\"M14.7087 26.2455C14.7087 26.2455 14.6987 26.2823 14.6938 26.2981C14.5994 26.6351 14.3062 26.8721 13.9734 26.8774H13.9137C15.3744 28.6678 16.4227 29.8157 16.4476 29.842C16.5469 29.9473 16.6761 30 16.8053 30C16.9344 30 17.0537 29.9526 17.153 29.8526C17.3468 29.6472 17.3518 29.3154 17.163 29.1048C17.1381 29.0785 16.1246 27.9779 14.7087 26.2455Z\" fill=\"currentColor\"\/>\r\n\t\t\t\t\t\t<path d=\"M25.0327 0.611521C24.9433 0.242915 24.6203 -0.0151099 24.2577 0.000687512C22.0219 0.106004 14.3609 0.938002 11.3551 7.37809C12.5723 8.22588 13.71 9.30537 14.6341 10.685C15.1906 11.517 15.6377 12.4227 15.9855 13.3916C16.7208 12.0436 17.3965 10.6587 17.8983 9.3633C18.0026 9.09474 18.2908 8.96836 18.5442 9.07368C18.7975 9.18426 18.9217 9.48967 18.8174 9.75823C18.1914 11.3801 17.317 13.102 16.3979 14.7292C16.8549 16.5722 16.9792 18.6311 16.7655 20.8902C21.9176 19.5158 28.5005 15.0188 25.0327 0.606255V0.611521Z\" fill=\"currentColor\"\/>\r\n\t\t\t\t\t\t<\/svg>\r\n\t\t\t\t\t<\/div>\r\n\t\t\t\t\t\t\t\t\t\t\t\t\t\t\t\t<span class=\"pxl-item--subtext\">\r\n\t\t\t\t\tS\u0131k\u00e7a Sorulan\u00a0Sorular\t\t\t\t<\/span>\r\n\t\t\t<\/div>\r\n\t\t\r\n\t\t<h3 class=\"pxl-item--title style-default highlight-default\" data-wow-delay=\"ms\">\r\n\t\t\t\t\t\t\r\n\t\t\t\r\n\t\t<\/h3>\r\n\r\n\t<\/div>\r\n<\/div>\r\n\t\t\t\t<\/div>\n\t\t\t\t<\/div>\n\t\t\t\t<div class=\"elementor-element elementor-element-4390e01 elementor-widget elementor-widget-pxl_text_editor\" data-id=\"4390e01\" data-element_type=\"widget\" data-e-type=\"widget\" data-widget_type=\"pxl_text_editor.default\">\n\t\t\t\t<div class=\"elementor-widget-container\">\n\t\t\t\t\t<div class=\"pxl-text-editor default\">\r\n\t<div class=\"pxl-item--inner\" data-wow-delay=\"ms\">\r\n\t\t<p>Geopedi hakk\u0131nda en merak edilen sorular\u0131 bu b\u00f6l\u00fcmde sizin i\u00e7in yan\u0131tlad\u0131k. Her t\u00fcrl\u00fc sorunuz i\u00e7in ekibimizle her zaman ileti\u015fime ge\u00e7ebilirsiniz.<\/p>\t\t\r\n\t<\/div>\r\n<\/div>\t\t\t\t<\/div>\n\t\t\t\t<\/div>\n\t\t\t\t<div class=\"elementor-element elementor-element-bd15e8a elementor-widget elementor-widget-pxl_accordion\" data-id=\"bd15e8a\" data-element_type=\"widget\" data-e-type=\"widget\" data-widget_type=\"pxl_accordion.default\">\n\t\t\t\t<div class=\"elementor-widget-container\">\n\t\t\t\t\t    <div class=\"pxl-accordion pxl-accordion1\" data-wow-delay=\"ms\">\r\n                    <div class=\"pxl--item active\">\r\n                <h5 class=\"pxl-accordion--title\" data-target=\"#pxl_accordion-bd15e8a-9151-997cc2f\">\r\n                    <div class=\"pxl-title--wrapper\">                        \r\n                                                <span class=\"pxl-title--text\">Geopedi nedir ve bize nas\u0131l yard\u0131mc\u0131 olur?<\/span>\r\n                    <\/div>\r\n                    <div class=\"pxl-accordion--toggle\">\r\n                        <svg xmlns=\"http:\/\/www.w3.org\/2000\/svg\" width=\"10\" height=\"9\" viewbox=\"0 0 10 9\" fill=\"none\">\r\n                            <path d=\"M3.77048 8.46582C4.15538 9.13249 5.11763 9.13249 5.50253 8.46582L9.01677 2.37898C9.40167 1.71231 8.92055 0.878979 8.15075 0.878979H1.12227C0.352467 0.878979 -0.128657 1.71231 0.256243 2.37898L3.77048 8.46582Z\" fill=\"currentColor\" \/>\r\n                        <\/svg>\r\n                    <\/div>\r\n                <\/h5>\r\n                <div id=\"pxl_accordion-bd15e8a-9151-997cc2f\" class=\"pxl-accordion--content\" style=\"display: block;\" >\r\n                    <div class=\"pxl-accordion--content-inner\">\r\n                        Geopedi, co\u011frafi i\u015faretlerin denetim s\u00fcre\u00e7lerini dijital ortamda takip eden bir platformdur. Ekosistemdeki b\u00fcrokrasinin azalt\u0131lmas\u0131, denetim talep ve denetim s\u00fcre\u00e7lerinin izlenebilirli\u011fini sa\u011flamakta ve s\u00fcre\u00e7leri kolayla\u015ft\u0131rmaktad\u0131r. Denetimden ge\u00e7mi\u015f olan \u00fcr\u00fcnlere dijital kimlik olu\u015fturarak blok zincir \u00fczerinden bilgilerin Ak\u0131ll\u0131 QR\u2019lar ile \u015feffaf olarak t\u00fcketiciye sunumunu sa\u011flar. Geopedi \u00fcr\u00fcnlerinizin kayna\u011f\u0131 ve denetimden ge\u00e7ip ge\u00e7medi\u011finin do\u011frulanmas\u0131n\u0131 sa\u011flar.                    <\/div>\r\n                <\/div>\r\n            <\/div>\r\n                    <div class=\"pxl--item\">\r\n                <h5 class=\"pxl-accordion--title\" data-target=\"#pxl_accordion-bd15e8a-9151-68741bf\">\r\n                    <div class=\"pxl-title--wrapper\">                        \r\n                                                <span class=\"pxl-title--text\">\u00dcr\u00fcn\u00fc Geopedi\u2019ye nas\u0131l kaydederim? Kay\u0131t ve QR olu\u015fturmak zor mu?<\/span>\r\n                    <\/div>\r\n                    <div class=\"pxl-accordion--toggle\">\r\n                        <svg xmlns=\"http:\/\/www.w3.org\/2000\/svg\" width=\"10\" height=\"9\" viewbox=\"0 0 10 9\" fill=\"none\">\r\n                            <path d=\"M3.77048 8.46582C4.15538 9.13249 5.11763 9.13249 5.50253 8.46582L9.01677 2.37898C9.40167 1.71231 8.92055 0.878979 8.15075 0.878979H1.12227C0.352467 0.878979 -0.128657 1.71231 0.256243 2.37898L3.77048 8.46582Z\" fill=\"currentColor\" \/>\r\n                        <\/svg>\r\n                    <\/div>\r\n                <\/h5>\r\n                <div id=\"pxl_accordion-bd15e8a-9151-68741bf\" class=\"pxl-accordion--content\" >\r\n                    <div class=\"pxl-accordion--content-inner\">\r\n                        Geopedi web tabanl\u0131 oldu\u011fu i\u00e7in herhangi bir uygulama indirmeden taray\u0131c\u0131 \u00fczerinden kullan\u0131l\u0131r. Form doldurma ad\u0131mlar\u0131yla \u00fcr\u00fcn bilgileri girilerek ilerlenmektedir. Platform kullan\u0131c\u0131 dostu ve kullan\u0131m\u0131 olduk\u00e7a pratiktir. Co\u011frafi i\u015faret tescil ettiren taraf\u0131ndan sisteme eklenmekte ve denetim s\u00fcrecini tescil ettiren y\u00f6netmektedir. Kay\u0131tl\u0131 \u00fcr\u00fcnler \u00fczerinden se\u00e7im yaparak denetim talebinde bulunuldu\u011funda ilgili denetim birimlerinin atanmas\u0131 sa\u011flan\u0131r. Denetim onay\u0131ndan sonra QR olu\u015fturmak \u00e7ok kolayd\u0131r. QR\u2019lar el yaz\u0131c\u0131lar\u0131 ile uyumlu dijital olarak excel, pdf veya etiket yaz\u0131c\u0131lar\u0131n\u0131z\u0131n okuyabilece\u011fi \u015fekilde olu\u015fturulabilmektedir.                    <\/div>\r\n                <\/div>\r\n            <\/div>\r\n                    <div class=\"pxl--item\">\r\n                <h5 class=\"pxl-accordion--title\" data-target=\"#pxl_accordion-bd15e8a-9151-6728620\">\r\n                    <div class=\"pxl-title--wrapper\">                        \r\n                                                <span class=\"pxl-title--text\">Verilerimiz g\u00fcvende mi? Blockchain ger\u00e7ekten g\u00fcvenli mi?<\/span>\r\n                    <\/div>\r\n                    <div class=\"pxl-accordion--toggle\">\r\n                        <svg xmlns=\"http:\/\/www.w3.org\/2000\/svg\" width=\"10\" height=\"9\" viewbox=\"0 0 10 9\" fill=\"none\">\r\n                            <path d=\"M3.77048 8.46582C4.15538 9.13249 5.11763 9.13249 5.50253 8.46582L9.01677 2.37898C9.40167 1.71231 8.92055 0.878979 8.15075 0.878979H1.12227C0.352467 0.878979 -0.128657 1.71231 0.256243 2.37898L3.77048 8.46582Z\" fill=\"currentColor\" \/>\r\n                        <\/svg>\r\n                    <\/div>\r\n                <\/h5>\r\n                <div id=\"pxl_accordion-bd15e8a-9151-6728620\" class=\"pxl-accordion--content\" >\r\n                    <div class=\"pxl-accordion--content-inner\">\r\n                        Evet. Geopedi, \u00fcr\u00fcn verilerinizi merkeziyetsiz bir blok zincirinde saklar. Blok zincirinin do\u011fas\u0131 gere\u011fi kay\u0131tlar\u0131n sonradan de\u011fi\u015ftirilmesi imk\u00e2ns\u0131zd\u0131r. Blok zincirde yer alan bilgileriniz \u015fifreleme y\u00f6ntemi ile de korunmaktad\u0131r. B\u00f6ylece sisteme girilen her bilgi onaylanmadan ilerleyemez; hem \u00fcreticiler hem t\u00fcketiciler g\u00fcvenilir verilere eri\u015fir.                    <\/div>\r\n                <\/div>\r\n            <\/div>\r\n                    <div class=\"pxl--item\">\r\n                <h5 class=\"pxl-accordion--title\" data-target=\"#pxl_accordion-bd15e8a-9151-b9db696\">\r\n                    <div class=\"pxl-title--wrapper\">                        \r\n                                                <span class=\"pxl-title--text\">Geopedi ihracatta nas\u0131l yard\u0131mc\u0131 olur? AB d\u00fczenlemelerine uyum nas\u0131l sa\u011flan\u0131yor?<\/span>\r\n                    <\/div>\r\n                    <div class=\"pxl-accordion--toggle\">\r\n                        <svg xmlns=\"http:\/\/www.w3.org\/2000\/svg\" width=\"10\" height=\"9\" viewbox=\"0 0 10 9\" fill=\"none\">\r\n                            <path d=\"M3.77048 8.46582C4.15538 9.13249 5.11763 9.13249 5.50253 8.46582L9.01677 2.37898C9.40167 1.71231 8.92055 0.878979 8.15075 0.878979H1.12227C0.352467 0.878979 -0.128657 1.71231 0.256243 2.37898L3.77048 8.46582Z\" fill=\"currentColor\" \/>\r\n                        <\/svg>\r\n                    <\/div>\r\n                <\/h5>\r\n                <div id=\"pxl_accordion-bd15e8a-9151-b9db696\" class=\"pxl-accordion--content\" >\r\n                    <div class=\"pxl-accordion--content-inner\">\r\n                        \u00dcr\u00fcnlerinizi AB\u2019nin 2024\/1143 say\u0131l\u0131 Co\u011frafi \u0130\u015faretler T\u00fcz\u00fc\u011f\u00fc\u2019ne uygun \u015fekilde etiketleyerek izlenebilirli\u011fini sa\u011flar. \u00dcr\u00fcn ba\u015f\u0131na olu\u015fturulan QR kodlar ile \u00fcr\u00fcn\u00fcn nerede \u00fcretildi\u011fi ve hangi ko\u015fullar\u0131 sa\u011flad\u0131\u011f\u0131 belgelenir. Bu \u015feffafl\u0131k sayesinde uluslararas\u0131 pazarda g\u00fcven kazan\u0131l\u0131r; zira platform AB gerekliliklerine tam uyumu destekler.                    <\/div>\r\n                <\/div>\r\n            <\/div>\r\n                    <div class=\"pxl--item\">\r\n                <h5 class=\"pxl-accordion--title\" data-target=\"#pxl_accordion-bd15e8a-9151-a55d14f\">\r\n                    <div class=\"pxl-title--wrapper\">                        \r\n                                                <span class=\"pxl-title--text\">Dijital etiketler bize ne gibi bilgiler sunar ve neden g\u00fcvenilir?<\/span>\r\n                    <\/div>\r\n                    <div class=\"pxl-accordion--toggle\">\r\n                        <svg xmlns=\"http:\/\/www.w3.org\/2000\/svg\" width=\"10\" height=\"9\" viewbox=\"0 0 10 9\" fill=\"none\">\r\n                            <path d=\"M3.77048 8.46582C4.15538 9.13249 5.11763 9.13249 5.50253 8.46582L9.01677 2.37898C9.40167 1.71231 8.92055 0.878979 8.15075 0.878979H1.12227C0.352467 0.878979 -0.128657 1.71231 0.256243 2.37898L3.77048 8.46582Z\" fill=\"currentColor\" \/>\r\n                        <\/svg>\r\n                    <\/div>\r\n                <\/h5>\r\n                <div id=\"pxl_accordion-bd15e8a-9151-a55d14f\" class=\"pxl-accordion--content\" >\r\n                    <div class=\"pxl-accordion--content-inner\">\r\n                        Dijital etiketlerde \u00fcr\u00fcn\u00fcn \u00fcretim tarihi, \u00fcretildi\u011fi yer, kullan\u0131lan y\u00f6ntem ve kalite bilgileri yer al\u0131r. Dolay\u0131s\u0131yla dijital etiket sayesinde t\u00fcketici, elindeki \u00fcr\u00fcn\u00fcn orijinalli\u011fini ve kalitesini do\u011frulayabilir. Etiketlenen co\u011frafi i\u015faretin tarihi ve \u00f6nemi hakk\u0131nda bilgi sahibi olabilirsiniz.                    <\/div>\r\n                <\/div>\r\n            <\/div>\r\n            <\/div>\r\n\t\t\t\t<\/div>\n\t\t\t\t<\/div>\n\t\t\t\t<\/div>\r\n\t\t\t\t\t<\/div>\r\n\t\t\t\t<\/div>\r\n\t\t\t\t<\/div>","protected":false},"excerpt":{"rendered":"<p>S\u0131k\u00e7a Sorulan\u00a0Sorular Geopedi hakk\u0131nda en merak edilen sorular\u0131 bu b\u00f6l\u00fcmde sizin i\u00e7in yan\u0131tlad\u0131k. Her t\u00fcrl\u00fc sorunuz i\u00e7in ekibimizle her zaman ileti\u015fime ge\u00e7ebilirsiniz. Geopedi nedir ve bize nas\u0131l yard\u0131mc\u0131 olur? Geopedi, co\u011frafi i\u015faretlerin denetim s\u00fcre\u00e7lerini dijital ortamda takip eden bir platformdur. Ekosistemdeki b\u00fcrokrasinin azalt\u0131lmas\u0131, denetim talep ve denetim s\u00fcre\u00e7lerinin izlenebilirli\u011fini sa\u011flamakta ve s\u00fcre\u00e7leri kolayla\u015ft\u0131rmaktad\u0131r. Denetimden ge\u00e7mi\u015f [&hellip;]<\/p>\n","protected":false},"author":1,"featured_media":0,"parent":0,"menu_order":0,"comment_status":"closed","ping_status":"closed","template":"","meta":{"footnotes":""},"class_list":["post-4371","page","type-page","status-publish","hentry"],"_links":{"self":[{"href":"https:\/\/geopedi.co\/en\/wp-json\/wp\/v2\/pages\/4371","targetHints":{"allow":["GET"]}}],"collection":[{"href":"https:\/\/geopedi.co\/en\/wp-json\/wp\/v2\/pages"}],"about":[{"href":"https:\/\/geopedi.co\/en\/wp-json\/wp\/v2\/types\/page"}],"author":[{"embeddable":true,"href":"https:\/\/geopedi.co\/en\/wp-json\/wp\/v2\/users\/1"}],"replies":[{"embeddable":true,"href":"https:\/\/geopedi.co\/en\/wp-json\/wp\/v2\/comments?post=4371"}],"version-history":[{"count":8,"href":"https:\/\/geopedi.co\/en\/wp-json\/wp\/v2\/pages\/4371\/revisions"}],"predecessor-version":[{"id":13705,"href":"https:\/\/geopedi.co\/en\/wp-json\/wp\/v2\/pages\/4371\/revisions\/13705"}],"wp:attachment":[{"href":"https:\/\/geopedi.co\/en\/wp-json\/wp\/v2\/media?parent=4371"}],"curies":[{"name":"wp","href":"https:\/\/api.w.org\/{rel}","templated":true}]}}